{"id":1318,"date":"2021-08-15T11:12:45","date_gmt":"2021-08-15T15:12:45","guid":{"rendered":"https:\/\/chelseaestateshoa.com\/chelseaestateshoa.com\/?page_id=1318"},"modified":"2021-09-27T23:01:44","modified_gmt":"2021-09-28T03:01:44","slug":"announcements","status":"publish","type":"page","link":"https:\/\/chelseaestateshoa.com\/es\/announcements\/","title":{"rendered":"Anuncios"},"content":{"rendered":"<h2 class=\"wp-block-heading\">Ruido, m\u00fasica y fiestas<\/h2>\n\n\n\n<p class=\"has-medium-font-size\">Tenga en cuenta que no se permiten ruidos fuertes ni m\u00fasica despu\u00e9s de las 11:00 p. M., S\u00e1bados y domingos, y despu\u00e9s de las 3:00 p. M. De lunes a viernes. Puede hacer una llamada an\u00f3nima al Departamento de Polic\u00eda de Hammocks al <a href=\"tel:3053836800\" data-type=\"tel\" data-id=\"tel:3053836800\">305 383 6800<\/a><\/p>\n\n\n\n<h2 class=\"wp-block-heading\">Reuniones de HOA<\/h2>\n\n\n\n<p class=\"has-medium-font-size\">Debido a los resurgimientos, una variaci\u00f3n de Covid no llevar\u00e1 a cabo una reuni\u00f3n en septiembre, consulte la secci\u00f3n de calendario en nuestro sitio web <a href=\"https:\/\/chelseaestateshoa.com\/es\/\">www.chelseaestateshoa.com<\/a> para futuras fechas de reuniones.<\/p>\n\n\n\n<h2 class=\"wp-block-heading\">Balance de p\u00e9rdidas y ganancias de Chelsea<\/h2>\n\n\n\n<p class=\"has-medium-font-size\">P\u00f3ngase en contacto con nuestra tesorera, Jacqueline Horta, mediante el correo electr\u00f3nico <a href=\"mailto:jhortafl@gmail.com\">jhortafl@gmail.com<\/a> para m\u00e1s informaci\u00f3n.<\/p>\n\n\n\n<h2 class=\"wp-block-heading\">Reglas y regulaciones<\/h2>\n\n\n\n<p class=\"has-medium-font-size\">Llame a la presidenta al 305-607-7380 para obtener las nuevas reglas y regulaciones, han sido enmendadas y son muy importantes.<\/p>\n\n\n\n<h2 class=\"wp-block-heading\">HOA Fechas de vencimiento<\/h2>\n\n\n\n<p class=\"has-medium-font-size\">Las cuotas de HOA son 75 y vencen el 1<sup>ro<\/sup> de cada mes, despu\u00e9s del per\u00edodo de gracia que es el 10<sup>th<\/sup> de cada mes habr\u00e1 un cargo por pago atrasado.<\/p>","protected":false},"excerpt":{"rendered":"<p>Noise, Music and Parties Please be advised, loud noises or music are not permitted after 11:00 pm, Saturday and Sunday and after 3:00 pm Monday \u2013 Friday. You may make an anonymous call to The Hammocks Police Department at 305 383 6800 HOA Meetings Due to the resurgences, a Covid variance will not be conducting a meeting in September, please&hellip;<\/p>","protected":false},"author":1,"featured_media":0,"parent":0,"menu_order":0,"comment_status":"closed","ping_status":"closed","template":"","meta":{"footnotes":""},"class_list":["post-1318","page","type-page","status-publish","hentry"],"_links":{"self":[{"href":"https:\/\/chelseaestateshoa.com\/es\/wp-json\/wp\/v2\/pages\/1318","targetHints":{"allow":["GET"]}}],"collection":[{"href":"https:\/\/chelseaestateshoa.com\/es\/wp-json\/wp\/v2\/pages"}],"about":[{"href":"https:\/\/chelseaestateshoa.com\/es\/wp-json\/wp\/v2\/types\/page"}],"author":[{"embeddable":true,"href":"https:\/\/chelseaestateshoa.com\/es\/wp-json\/wp\/v2\/users\/1"}],"replies":[{"embeddable":true,"href":"https:\/\/chelseaestateshoa.com\/es\/wp-json\/wp\/v2\/comments?post=1318"}],"version-history":[{"count":9,"href":"https:\/\/chelseaestateshoa.com\/es\/wp-json\/wp\/v2\/pages\/1318\/revisions"}],"predecessor-version":[{"id":1391,"href":"https:\/\/chelseaestateshoa.com\/es\/wp-json\/wp\/v2\/pages\/1318\/revisions\/1391"}],"wp:attachment":[{"href":"https:\/\/chelseaestateshoa.com\/es\/wp-json\/wp\/v2\/media?parent=1318"}],"curies":[{"name":"wp","href":"https:\/\/api.w.org\/{rel}","templated":true}]}}