{"id":291,"date":"2016-08-03T09:05:54","date_gmt":"2016-08-03T13:05:54","guid":{"rendered":"http:\/\/chelseaestateshoa.com\/chelseaestateshoa.com\/?page_id=291"},"modified":"2021-10-09T17:59:02","modified_gmt":"2021-10-09T21:59:02","slug":"board-members","status":"publish","type":"page","link":"https:\/\/chelseaestateshoa.com\/es\/board-members\/","title":{"rendered":"Junta Directiva"},"content":{"rendered":"<div class=\"vc_row wpb_row vc_row-fluid\"><div class=\"wpb_column vc_column_container vc_col-sm-12\"><div class=\"vc_column-inner\"><div class=\"wpb_wrapper\"><div class=\"vc_empty_space  height_huge\"   style=\"height: 0px\"><span class=\"vc_empty_space_inner\"><\/span><\/div><div  id=\"sc_promo_1217966971\" \n\tclass=\"sc_promo sc_promo_default sc_promo_size_large sc_promo_no_paddings sc_promo_image_position_right\"><div class=\"sc_promo_image\" style=\"background-image:url(https:\/\/chelseaestateshoa.com\/wp-content\/uploads\/2021\/07\/ChelseaEstates_Photo_6.jpg);width:50%;right: 0;\"><\/div><div class=\"sc_promo_text\" style=\"width: 50%;float: left;\">\n\t\t\t<div class=\"sc_promo_text_inner\" style=\"\"><h6 class=\"sc_item_subtitle sc_promo_subtitle sc_align_default sc_item_title_style_default\">Chelsea States HOA<\/h6><h2 class=\"sc_item_title sc_promo_title sc_align_default sc_item_title_style_default\">Servicios excepcionales<\/h2><div class=\"sc_item_descr sc_promo_descr sc_align_default\">\u00bfLos miembros de la junta y los residentes de nuestra asociaci\u00f3n saben que nuestra comunidad es m\u00e1s que un lugar para vivir? es un lugar para llamar hogar. Ya sea que se haya mudado recientemente, sea residente desde hace mucho tiempo o est\u00e9 buscando el lugar perfecto para mudarse, lo invitamos a navegar por este sitio web para obtener m\u00e1s informaci\u00f3n sobre nuestra comunidad. \u00a1Gracias por visitarnos!<\/div><div class=\"sc_promo_content sc_item_content\">\n\t<div class=\"wpb_text_column wpb_content_element\" >\n\t\t<div class=\"wpb_wrapper\">\n\t\t\t\n\t\t<\/div>\n\t<\/div>\n<\/div><\/div>\n\t\t<\/div><!-- \/.sc_promo_text --><\/div><!-- \/.sc_promo --><div class=\"vc_empty_space  height_huge\"   style=\"height: 0px\"><span class=\"vc_empty_space_inner\"><\/span><\/div><\/div><\/div><\/div><\/div><div data-vc-full-width=\"true\" data-vc-full-width-init=\"false\" class=\"vc_row wpb_row vc_row-fluid vc_custom_1470229693230 vc_row-has-fill scheme_light\"><div class=\"wpb_column vc_column_container vc_col-sm-12 scheme_light\"><div class=\"vc_column-inner\"><div class=\"wpb_wrapper\"><div class=\"vc_empty_space  height_huge\"   style=\"height: 0px\"><span class=\"vc_empty_space_inner\"><\/span><\/div><div class=\"sc_team sc_team_default\" data-slides-per-view=\"5\" data-slides-min-width=\"150\"\t\t>\r\n\t\t<h3 class=\"sc_item_title sc_team_title sc_align_default sc_item_title_style_default\">Our Board Members<\/h3><div class=\"sc_team_columns sc_item_columns trx_addons_columns_wrap columns_padding_bottom\"><div class=\"trx_addons_column-1_5\"><div class=\"sc_team_item\">\r\n\t<div class=\"post_featured with_thumb hover_dots sc_team_item_thumb\"><\/div>\t<div class=\"sc_team_item_info\">\r\n\t\t<div class=\"sc_team_item_header\">\r\n\t\t\t<h4 class=\"sc_team_item_title\"><a href=\"https:\/\/chelseaestateshoa.com\/es\/team\/maritza\/\">Olga M Meneses<\/a><\/h4>\r\n\t\t\t<div class=\"sc_team_item_subtitle\">Presidenta<\/div>\r\n\t\t<\/div>\r\n\t\t<div class=\"sc_team_item_content\"><\/div>\r\n\t\t\t\t<div class=\"sc_team_item_button\"><a href=\"https:\/\/chelseaestateshoa.com\/es\/team\/maritza\/\" class=\"sc_button sc_button_simple\">Learn more<\/a><\/div>\r\n\t<\/div>\r\n<\/div>\r\n<\/div><div class=\"trx_addons_column-1_5\"><div class=\"sc_team_item\">\r\n\t<div class=\"post_featured with_thumb hover_dots sc_team_item_thumb\"><\/div>\t<div class=\"sc_team_item_info\">\r\n\t\t<div class=\"sc_team_item_header\">\r\n\t\t\t<h4 class=\"sc_team_item_title\"><a href=\"https:\/\/chelseaestateshoa.com\/es\/team\/jacqueline-horta\/\">Jacqueline Horta<\/a><\/h4>\r\n\t\t\t<div class=\"sc_team_item_subtitle\">Tesorera<\/div>\r\n\t\t<\/div>\r\n\t\t<div class=\"sc_team_item_content\"><\/div>\r\n\t\t\t\t<div class=\"sc_team_item_button\"><a href=\"https:\/\/chelseaestateshoa.com\/es\/team\/jacqueline-horta\/\" class=\"sc_button sc_button_simple\">Learn more<\/a><\/div>\r\n\t<\/div>\r\n<\/div>\r\n<\/div><div class=\"trx_addons_column-1_5\"><div class=\"sc_team_item\">\r\n\t<div class=\"post_featured with_thumb hover_dots sc_team_item_thumb\"><\/div>\t<div class=\"sc_team_item_info\">\r\n\t\t<div class=\"sc_team_item_header\">\r\n\t\t\t<h4 class=\"sc_team_item_title\"><a href=\"https:\/\/chelseaestateshoa.com\/es\/team\/angelo-dallacua\/\">Angelo Dall\u2019Acua<\/a><\/h4>\r\n\t\t\t<div class=\"sc_team_item_subtitle\">Director<\/div>\r\n\t\t<\/div>\r\n\t\t<div class=\"sc_team_item_content\"><\/div>\r\n\t\t\t\t<div class=\"sc_team_item_button\"><a href=\"https:\/\/chelseaestateshoa.com\/es\/team\/angelo-dallacua\/\" class=\"sc_button sc_button_simple\">Learn more<\/a><\/div>\r\n\t<\/div>\r\n<\/div>\r\n<\/div><div class=\"trx_addons_column-1_5\"><div class=\"sc_team_item\">\r\n\t<div class=\"post_featured with_thumb hover_dots sc_team_item_thumb\"><\/div>\t<div class=\"sc_team_item_info\">\r\n\t\t<div class=\"sc_team_item_header\">\r\n\t\t\t<h4 class=\"sc_team_item_title\"><a href=\"https:\/\/chelseaestateshoa.com\/es\/team\/jaime-haro\/\">Jaime Haro<\/a><\/h4>\r\n\t\t\t<div class=\"sc_team_item_subtitle\">Director<\/div>\r\n\t\t<\/div>\r\n\t\t<div class=\"sc_team_item_content\"><\/div>\r\n\t\t\t\t<div class=\"sc_team_item_button\"><a href=\"https:\/\/chelseaestateshoa.com\/es\/team\/jaime-haro\/\" class=\"sc_button sc_button_simple\">Learn more<\/a><\/div>\r\n\t<\/div>\r\n<\/div>\r\n<\/div><div class=\"trx_addons_column-1_5\"><div class=\"sc_team_item\">\r\n\t<div class=\"post_featured with_thumb hover_dots sc_team_item_thumb\"><\/div>\t<div class=\"sc_team_item_info\">\r\n\t\t<div class=\"sc_team_item_header\">\r\n\t\t\t<h4 class=\"sc_team_item_title\"><a href=\"https:\/\/chelseaestateshoa.com\/es\/team\/ileana\/\">Ileana Gutierrez<\/a><\/h4>\r\n\t\t\t<div class=\"sc_team_item_subtitle\">Director<\/div>\r\n\t\t<\/div>\r\n\t\t<div class=\"sc_team_item_content\"><\/div>\r\n\t\t\t\t<div class=\"sc_team_item_button\"><a href=\"https:\/\/chelseaestateshoa.com\/es\/team\/ileana\/\" class=\"sc_button sc_button_simple\">Learn more<\/a><\/div>\r\n\t<\/div>\r\n<\/div>\r\n<\/div><\/div><\/div><!-- \/.sc_team --><div class=\"vc_empty_space  height_huge\"   style=\"height: 0px\"><span class=\"vc_empty_space_inner\"><\/span><\/div><\/div><\/div><\/div><\/div><div class=\"vc_row-full-width vc_clearfix\"><\/div>","protected":false},"excerpt":{"rendered":"","protected":false},"author":1,"featured_media":0,"parent":0,"menu_order":0,"comment_status":"closed","ping_status":"closed","template":"","meta":{"footnotes":""},"class_list":["post-291","page","type-page","status-publish","hentry"],"_links":{"self":[{"href":"https:\/\/chelseaestateshoa.com\/es\/wp-json\/wp\/v2\/pages\/291","targetHints":{"allow":["GET"]}}],"collection":[{"href":"https:\/\/chelseaestateshoa.com\/es\/wp-json\/wp\/v2\/pages"}],"about":[{"href":"https:\/\/chelseaestateshoa.com\/es\/wp-json\/wp\/v2\/types\/page"}],"author":[{"embeddable":true,"href":"https:\/\/chelseaestateshoa.com\/es\/wp-json\/wp\/v2\/users\/1"}],"replies":[{"embeddable":true,"href":"https:\/\/chelseaestateshoa.com\/es\/wp-json\/wp\/v2\/comments?post=291"}],"version-history":[{"count":11,"href":"https:\/\/chelseaestateshoa.com\/es\/wp-json\/wp\/v2\/pages\/291\/revisions"}],"predecessor-version":[{"id":1398,"href":"https:\/\/chelseaestateshoa.com\/es\/wp-json\/wp\/v2\/pages\/291\/revisions\/1398"}],"wp:attachment":[{"href":"https:\/\/chelseaestateshoa.com\/es\/wp-json\/wp\/v2\/media?parent=291"}],"curies":[{"name":"wp","href":"https:\/\/api.w.org\/{rel}","templated":true}]}}